{"id":193,"date":"2019-02-12T00:21:27","date_gmt":"2019-02-12T00:21:27","guid":{"rendered":"https:\/\/ftkt.de\/?page_id=193"},"modified":"2026-03-31T11:49:18","modified_gmt":"2026-03-31T11:49:18","slug":"familienhilfe-2-2","status":"publish","type":"page","link":"https:\/\/www.ftkt.de\/?page_id=193","title":{"rendered":"Impressum"},"content":{"rendered":"<p>FTKT<\/p>\n<p>F\u00f6rderverein tiergest\u00fctzter Kindertherapie e.V.<\/p>\n<p>K\u00f6nigsallee 6-8<br \/>\n40212 D\u00fcsseldorf<br \/>\nTel: +49 172 3020090<br \/>\nEmail: FTKT@gmx.de<br \/>\nwww.FTKT.de<\/p>\n","protected":false},"excerpt":{"rendered":"<p>FTKT F\u00f6rderverein tiergest\u00fctzter Kindertherapie e.V. K\u00f6nigsallee 6-8 40212 D\u00fcsseldorf Tel: +49 172 3020090 Email: FTKT@gmx.de www.FTKT.de<\/p>\n","protected":false},"author":2,"featured_media":0,"parent":0,"menu_order":0,"comment_status":"closed","ping_status":"closed","template":"","meta":{"footnotes":""},"class_list":["post-193","page","type-page","status-publish","hentry"],"jetpack_sharing_enabled":true,"_links":{"self":[{"href":"https:\/\/www.ftkt.de\/index.php?rest_route=\/wp\/v2\/pages\/193","targetHints":{"allow":["GET"]}}],"collection":[{"href":"https:\/\/www.ftkt.de\/index.php?rest_route=\/wp\/v2\/pages"}],"about":[{"href":"https:\/\/www.ftkt.de\/index.php?rest_route=\/wp\/v2\/types\/page"}],"author":[{"embeddable":true,"href":"https:\/\/www.ftkt.de\/index.php?rest_route=\/wp\/v2\/users\/2"}],"replies":[{"embeddable":true,"href":"https:\/\/www.ftkt.de\/index.php?rest_route=%2Fwp%2Fv2%2Fcomments&post=193"}],"version-history":[{"count":4,"href":"https:\/\/www.ftkt.de\/index.php?rest_route=\/wp\/v2\/pages\/193\/revisions"}],"predecessor-version":[{"id":705,"href":"https:\/\/www.ftkt.de\/index.php?rest_route=\/wp\/v2\/pages\/193\/revisions\/705"}],"wp:attachment":[{"href":"https:\/\/www.ftkt.de\/index.php?rest_route=%2Fwp%2Fv2%2Fmedia&parent=193"}],"curies":[{"name":"wp","href":"https:\/\/api.w.org\/{rel}","templated":true}]}}