{"id":285,"date":"2019-02-10T10:25:16","date_gmt":"2019-02-10T10:25:16","guid":{"rendered":"https:\/\/ftkt.de\/?page_id=285"},"modified":"2019-02-19T13:34:25","modified_gmt":"2019-02-19T13:34:25","slug":"home-2","status":"publish","type":"page","link":"https:\/\/www.ftkt.de\/?page_id=285","title":{"rendered":"Idee"},"content":{"rendered":"<div id=\"pl-285\"  class=\"panel-layout\" ><div id=\"pg-285-0\"  class=\"panel-grid panel-no-style\" ><div id=\"pgc-285-0-0\"  class=\"panel-grid-cell\" ><div id=\"panel-285-0-0-0\" class=\"so-panel widget widget_siteorigin-panels-builder panel-first-child panel-last-child\" data-index=\"0\" ><div id=\"pl-w5c6c05e1015dd\"  class=\"panel-layout\" ><div id=\"pg-w5c6c05e1015dd-0\"  class=\"panel-grid panel-no-style\" ><div id=\"pgc-w5c6c05e1015dd-0-0\"  class=\"panel-grid-cell\" ><div id=\"panel-w5c6c05e1015dd-0-0-0\" class=\"so-panel widget widget_sow-slider panel-first-child panel-last-child\" data-index=\"0\" ><div\n\t\t\t\n\t\t\tclass=\"so-widget-sow-slider so-widget-sow-slider-default-6d39609536fd\"\n\t\t\t\n\t\t>\t\t\t\t<div class=\"sow-slider-base\" style=\"display: none\" tabindex=\"0\">\n\t\t\t\t\t<ul\n\t\t\t\t\tclass=\"sow-slider-images\"\n\t\t\t\t\tdata-settings=\"{&quot;pagination&quot;:true,&quot;speed&quot;:800,&quot;timeout&quot;:8000,&quot;paused&quot;:false,&quot;pause_on_hover&quot;:false,&quot;swipe&quot;:true,&quot;nav_always_show_desktop&quot;:&quot;&quot;,&quot;nav_always_show_mobile&quot;:&quot;&quot;,&quot;breakpoint&quot;:&quot;780px&quot;,&quot;unmute&quot;:false,&quot;anchor&quot;:null}\"\n\t\t\t\t\t\t\t\t\t\tdata-anchor-id=\"\"\n\t\t\t\t>\t\t<li class=\"sow-slider-image\" style=\"visibility: visible;\" >\n\t\t\t\t\t\t<img loading=\"lazy\" decoding=\"async\" width=\"320\" height=\"480\" src=\"https:\/\/www.ftkt.de\/wp-content\/uploads\/2019\/02\/Luisa-1.jpg\" class=\"sow-slider-background-image\" alt=\"\" style=\"\" srcset=\"https:\/\/www.ftkt.de\/wp-content\/uploads\/2019\/02\/Luisa-1.jpg 320w, https:\/\/www.ftkt.de\/wp-content\/uploads\/2019\/02\/Luisa-1-200x300.jpg 200w\" sizes=\"auto, 100vw\" \/>\t\t<\/li>\n\t\t\t\t<li class=\"sow-slider-image\" style=\"visibility: hidden;\" >\n\t\t\t\t\t\t<img loading=\"lazy\" decoding=\"async\" width=\"640\" height=\"426\" src=\"https:\/\/www.ftkt.de\/wp-content\/uploads\/2019\/02\/Robin-1.jpg\" class=\"sow-slider-background-image\" alt=\"\" style=\"\" srcset=\"https:\/\/www.ftkt.de\/wp-content\/uploads\/2019\/02\/Robin-1.jpg 640w, https:\/\/www.ftkt.de\/wp-content\/uploads\/2019\/02\/Robin-1-300x200.jpg 300w, https:\/\/www.ftkt.de\/wp-content\/uploads\/2019\/02\/Robin-1-272x182.jpg 272w\" sizes=\"auto, 100vw\" \/>\t\t<\/li>\n\t\t\t\t<li class=\"sow-slider-image\" style=\"visibility: hidden;\" >\n\t\t\t\t\t\t<img loading=\"lazy\" decoding=\"async\" width=\"1200\" height=\"1805\" src=\"https:\/\/www.ftkt.de\/wp-content\/uploads\/2019\/02\/K1600_ftkt-homepage-2019-7-e1550578011929.jpg\" class=\"sow-slider-background-image\" alt=\"\" style=\"\" srcset=\"https:\/\/www.ftkt.de\/wp-content\/uploads\/2019\/02\/K1600_ftkt-homepage-2019-7-e1550578011929.jpg 1200w, https:\/\/www.ftkt.de\/wp-content\/uploads\/2019\/02\/K1600_ftkt-homepage-2019-7-e1550578011929-199x300.jpg 199w, https:\/\/www.ftkt.de\/wp-content\/uploads\/2019\/02\/K1600_ftkt-homepage-2019-7-e1550578011929-768x1155.jpg 768w, https:\/\/www.ftkt.de\/wp-content\/uploads\/2019\/02\/K1600_ftkt-homepage-2019-7-e1550578011929-681x1024.jpg 681w\" sizes=\"auto, 100vw\" \/>\t\t<\/li>\n\t\t<\/ul>\t\t\t\t<ol class=\"sow-slider-pagination\">\n\t\t\t\t\t\t\t\t\t\t\t<li><a href=\"#\" data-goto=\"0\" aria-label=\"Display slide 1\"><\/a><\/li>\n\t\t\t\t\t\t\t\t\t\t\t<li><a href=\"#\" data-goto=\"1\" aria-label=\"Display slide 2\"><\/a><\/li>\n\t\t\t\t\t\t\t\t\t\t\t<li><a href=\"#\" data-goto=\"2\" aria-label=\"Display slide 3\"><\/a><\/li>\n\t\t\t\t\t\t\t\t\t<\/ol>\n\n\t\t\t\t<div class=\"sow-slide-nav sow-slide-nav-next\">\n\t\t\t\t\t<a href=\"#\" data-goto=\"next\" aria-label=\"Next slide\" data-action=\"next\">\n\t\t\t\t\t\t<em class=\"sow-sld-icon-thin-right\"><\/em>\n\t\t\t\t\t<\/a>\n\t\t\t\t<\/div>\n\n\t\t\t\t<div class=\"sow-slide-nav sow-slide-nav-prev\">\n\t\t\t\t\t<a href=\"#\" data-goto=\"previous\" aria-label=\"Previous slide\" data-action=\"prev\">\n\t\t\t\t\t\t<em class=\"sow-sld-icon-thin-left\"><\/em>\n\t\t\t\t\t<\/a>\n\t\t\t\t<\/div>\n\t\t\t\t<\/div><\/div><\/div><\/div><div id=\"pgc-w5c6c05e1015dd-0-1\"  class=\"panel-grid-cell\" ><div id=\"panel-w5c6c05e1015dd-0-1-0\" class=\"so-panel widget widget_sow-editor panel-first-child panel-last-child\" data-index=\"1\" ><div\n\t\t\t\n\t\t\tclass=\"so-widget-sow-editor so-widget-sow-editor-base\"\n\t\t\t\n\t\t>\n<div class=\"siteorigin-widget-tinymce textwidget\">\n\t<p>Wir leben in einem Land und in einer Zeit mit einem<strong> sehr guten Gesundheitssystem<\/strong>.<\/p>\n<p><strong>Aber nicht f\u00fcr alle!<\/strong><\/p>\n<p>Viele medizinische Leistungen, die weltweit anerkannt sind und <strong>f\u00fcr gro\u00dfe Therapieerfolge sorgen<\/strong>, werden leider von den Krankenkassen in Deutschland nicht unterst\u00fctzt, geschweige denn bezahlt.<\/p>\n<p>Diese Leistungen sind somit f\u00fcr viele Familien und Kinder gar nicht zug\u00e4nglich, was eine oft viel zu hohe finanzielle Belastung f\u00fcr die Familien bedeutet. Es gibt<strong> zu wenig Anlaufstellen f\u00fcr Familien<\/strong>, die \u00fcber Unterst\u00fctzungs- und F\u00f6rderm\u00f6glichkeiten informieren.<\/p>\n<p><strong>Um diese L\u00fccke im Gesundheitssystem zu schlie\u00dfen,<\/strong> vor allem in Bezug auf tiergest\u00fctzte Therapie, haben wir 2012 den F\u00f6rderverein tiergest\u00fctzter Kindertherapie e.V. gegr\u00fcndet.<\/p>\n<p>Der Verein hat sich zur Aufgabe gemacht, Familien bei der Organisation und Finanzierung tiergest\u00fctzter Therapien zu helfen. <strong>Kinder liegen dem Verein sehr am Herzen<\/strong> und stehen bei der Unterst\u00fctzung und F\u00f6rderung im Vordergrund.<\/p>\n<p>Da es sich um einen gemeinn\u00fctzigen, <strong>ausschlie\u00dflich aus Spenden finanziert<\/strong>en Verein handelt, sind wir und besonders die Familien und Kinder <strong>f\u00fcr Ihre Mithilfe sehr dankbar!<\/strong><\/p>\n<\/div>\n<\/div><\/div><\/div><\/div><\/div><\/div><\/div><\/div><\/div>","protected":false},"excerpt":{"rendered":"<p>Wir leben in einem Land und in einer Zeit mit einem sehr guten Gesundheitssystem. Aber nicht f\u00fcr alle! Viele medizinische Leistungen, die weltweit anerkannt sind und f\u00fcr gro\u00dfe Therapieerfolge sorgen, werden leider von den Krankenkassen in Deutschland nicht unterst\u00fctzt, geschweige denn bezahlt. Diese Leistungen sind somit f\u00fcr viele Familien und Kinder gar nicht zug\u00e4nglich, was &hellip; <\/p>\n<p class=\"link-more\"><a href=\"https:\/\/www.ftkt.de\/?page_id=285\" class=\"more-link\"><span class=\"screen-reader-text\">\u201eIdee\u201c <\/span>weiterlesen<\/a><\/p>\n","protected":false},"author":2,"featured_media":0,"parent":0,"menu_order":0,"comment_status":"closed","ping_status":"closed","template":"","meta":{"footnotes":""},"class_list":["post-285","page","type-page","status-publish","hentry"],"jetpack_sharing_enabled":true,"_links":{"self":[{"href":"https:\/\/www.ftkt.de\/index.php?rest_route=\/wp\/v2\/pages\/285","targetHints":{"allow":["GET"]}}],"collection":[{"href":"https:\/\/www.ftkt.de\/index.php?rest_route=\/wp\/v2\/pages"}],"about":[{"href":"https:\/\/www.ftkt.de\/index.php?rest_route=\/wp\/v2\/types\/page"}],"author":[{"embeddable":true,"href":"https:\/\/www.ftkt.de\/index.php?rest_route=\/wp\/v2\/users\/2"}],"replies":[{"embeddable":true,"href":"https:\/\/www.ftkt.de\/index.php?rest_route=%2Fwp%2Fv2%2Fcomments&post=285"}],"version-history":[{"count":48,"href":"https:\/\/www.ftkt.de\/index.php?rest_route=\/wp\/v2\/pages\/285\/revisions"}],"predecessor-version":[{"id":691,"href":"https:\/\/www.ftkt.de\/index.php?rest_route=\/wp\/v2\/pages\/285\/revisions\/691"}],"wp:attachment":[{"href":"https:\/\/www.ftkt.de\/index.php?rest_route=%2Fwp%2Fv2%2Fmedia&parent=285"}],"curies":[{"name":"wp","href":"https:\/\/api.w.org\/{rel}","templated":true}]}}