{"id":313,"date":"2019-02-10T10:56:46","date_gmt":"2019-02-10T10:56:46","guid":{"rendered":"https:\/\/ftkt.de\/?page_id=313"},"modified":"2019-02-19T13:18:30","modified_gmt":"2019-02-19T13:18:30","slug":"home-2-2","status":"publish","type":"page","link":"https:\/\/www.ftkt.de\/?page_id=313","title":{"rendered":"Familienhilfe"},"content":{"rendered":"<div id=\"pl-313\"  class=\"panel-layout\" ><div id=\"pg-313-0\"  class=\"panel-grid panel-no-style\" ><div id=\"pgc-313-0-0\"  class=\"panel-grid-cell\" ><div id=\"panel-313-0-0-0\" class=\"so-panel widget widget_siteorigin-panels-builder panel-first-child panel-last-child\" data-index=\"0\" ><div id=\"pl-w5c6c0226ab7f1\"  class=\"panel-layout\" ><div id=\"pg-w5c6c0226ab7f1-0\"  class=\"panel-grid panel-no-style\" ><div id=\"pgc-w5c6c0226ab7f1-0-0\"  class=\"panel-grid-cell\" ><div id=\"panel-w5c6c0226ab7f1-0-0-0\" class=\"so-panel widget widget_sow-slider panel-first-child panel-last-child\" data-index=\"0\" ><div\n\t\t\t\n\t\t\tclass=\"so-widget-sow-slider so-widget-sow-slider-default-6d39609536fd\"\n\t\t\t\n\t\t>\t\t\t\t<div class=\"sow-slider-base\" style=\"display: none\" tabindex=\"0\">\n\t\t\t\t\t<ul\n\t\t\t\t\tclass=\"sow-slider-images\"\n\t\t\t\t\tdata-settings=\"{&quot;pagination&quot;:true,&quot;speed&quot;:800,&quot;timeout&quot;:8000,&quot;paused&quot;:false,&quot;pause_on_hover&quot;:false,&quot;swipe&quot;:true,&quot;nav_always_show_desktop&quot;:&quot;&quot;,&quot;nav_always_show_mobile&quot;:&quot;&quot;,&quot;breakpoint&quot;:&quot;780px&quot;,&quot;unmute&quot;:false,&quot;anchor&quot;:null}\"\n\t\t\t\t\t\t\t\t\t\tdata-anchor-id=\"\"\n\t\t\t\t>\t\t<li class=\"sow-slider-image\" style=\"visibility: visible;\" >\n\t\t\t\t\t\t<img loading=\"lazy\" decoding=\"async\" width=\"640\" height=\"442\" src=\"https:\/\/www.ftkt.de\/wp-content\/uploads\/2019\/02\/k-DSC_0202.jpg\" class=\"sow-slider-background-image\" alt=\"\" style=\"\" srcset=\"https:\/\/www.ftkt.de\/wp-content\/uploads\/2019\/02\/k-DSC_0202.jpg 640w, https:\/\/www.ftkt.de\/wp-content\/uploads\/2019\/02\/k-DSC_0202-300x207.jpg 300w\" sizes=\"auto, 100vw\" \/>\t\t<\/li>\n\t\t\t\t<li class=\"sow-slider-image\" style=\"visibility: hidden;\" >\n\t\t\t\t\t\t<img loading=\"lazy\" decoding=\"async\" width=\"1200\" height=\"1799\" src=\"https:\/\/www.ftkt.de\/wp-content\/uploads\/2019\/02\/K1600_ftkt-homepage-2019-16.jpg\" class=\"sow-slider-background-image\" alt=\"\" style=\"\" srcset=\"https:\/\/www.ftkt.de\/wp-content\/uploads\/2019\/02\/K1600_ftkt-homepage-2019-16.jpg 1200w, https:\/\/www.ftkt.de\/wp-content\/uploads\/2019\/02\/K1600_ftkt-homepage-2019-16-200x300.jpg 200w, https:\/\/www.ftkt.de\/wp-content\/uploads\/2019\/02\/K1600_ftkt-homepage-2019-16-768x1151.jpg 768w, https:\/\/www.ftkt.de\/wp-content\/uploads\/2019\/02\/K1600_ftkt-homepage-2019-16-683x1024.jpg 683w\" sizes=\"auto, 100vw\" \/>\t\t<\/li>\n\t\t\t\t<li class=\"sow-slider-image\" style=\"visibility: hidden;\" >\n\t\t\t\t\t\t<img loading=\"lazy\" decoding=\"async\" width=\"1805\" height=\"1200\" src=\"https:\/\/www.ftkt.de\/wp-content\/uploads\/2019\/02\/K1600_ftkt-homepage-2019-19.jpg\" class=\"sow-slider-background-image\" alt=\"\" style=\"\" srcset=\"https:\/\/www.ftkt.de\/wp-content\/uploads\/2019\/02\/K1600_ftkt-homepage-2019-19.jpg 1805w, https:\/\/www.ftkt.de\/wp-content\/uploads\/2019\/02\/K1600_ftkt-homepage-2019-19-300x199.jpg 300w, https:\/\/www.ftkt.de\/wp-content\/uploads\/2019\/02\/K1600_ftkt-homepage-2019-19-768x511.jpg 768w, https:\/\/www.ftkt.de\/wp-content\/uploads\/2019\/02\/K1600_ftkt-homepage-2019-19-1024x681.jpg 1024w, https:\/\/www.ftkt.de\/wp-content\/uploads\/2019\/02\/K1600_ftkt-homepage-2019-19-272x182.jpg 272w\" sizes=\"auto, 100vw\" \/>\t\t<\/li>\n\t\t<\/ul>\t\t\t\t<ol class=\"sow-slider-pagination\">\n\t\t\t\t\t\t\t\t\t\t\t<li><a href=\"#\" data-goto=\"0\" aria-label=\"Display slide 1\"><\/a><\/li>\n\t\t\t\t\t\t\t\t\t\t\t<li><a href=\"#\" data-goto=\"1\" aria-label=\"Display slide 2\"><\/a><\/li>\n\t\t\t\t\t\t\t\t\t\t\t<li><a href=\"#\" data-goto=\"2\" aria-label=\"Display slide 3\"><\/a><\/li>\n\t\t\t\t\t\t\t\t\t<\/ol>\n\n\t\t\t\t<div class=\"sow-slide-nav sow-slide-nav-next\">\n\t\t\t\t\t<a href=\"#\" data-goto=\"next\" aria-label=\"Next slide\" data-action=\"next\">\n\t\t\t\t\t\t<em class=\"sow-sld-icon-thin-right\"><\/em>\n\t\t\t\t\t<\/a>\n\t\t\t\t<\/div>\n\n\t\t\t\t<div class=\"sow-slide-nav sow-slide-nav-prev\">\n\t\t\t\t\t<a href=\"#\" data-goto=\"previous\" aria-label=\"Previous slide\" data-action=\"prev\">\n\t\t\t\t\t\t<em class=\"sow-sld-icon-thin-left\"><\/em>\n\t\t\t\t\t<\/a>\n\t\t\t\t<\/div>\n\t\t\t\t<\/div><\/div><\/div><\/div><div id=\"pgc-w5c6c0226ab7f1-0-1\"  class=\"panel-grid-cell\" ><div id=\"panel-w5c6c0226ab7f1-0-1-0\" class=\"so-panel widget widget_sow-editor panel-first-child panel-last-child\" data-index=\"1\" ><div\n\t\t\t\n\t\t\tclass=\"so-widget-sow-editor so-widget-sow-editor-base\"\n\t\t\t\n\t\t>\n<div class=\"siteorigin-widget-tinymce textwidget\">\n\t<p><strong>Vereinszweck \u2013 Familienhilfe und Unterst\u00fctzung<\/strong><\/p>\n<p>Der F\u00f6rderverein tiergest\u00fctzter Kindertherapie e.V. verfolgt <strong>ausschlie\u00dflich und unmittelbar gemeinn\u00fctzige Zwecke<\/strong>.<\/p>\n<p>Er f\u00f6rdert die <strong>ganzheitliche tiergest\u00fctzte Therapie zur Unterst\u00fctzung k\u00f6rper- und geistig behinderter sowie psychisch erkrankter Menschen<\/strong> (besonders Kinder) und deren Familien.<\/p>\n<p><strong>Unsere T\u00e4tigkeiten<\/strong><\/p>\n<ul>\n<li>Finanzielle Unterst\u00fctzung der tiergest\u00fctzten Kindertherapie<\/li>\n<li>Hilfe bei der Hilfsmittelversorgung<\/li>\n<li>Reittherapie<\/li>\n<li>Hilfe bei finanziellen Fragen und Problemen<\/li>\n<li>Familienberatung<\/li>\n<li>Hilfe in medizinischen und therapeutischen Frage<\/li>\n<\/ul>\n<p>&nbsp;<\/p>\n<p><strong>Wir brauchen Ihre Hilfe!<\/strong><\/p>\n<p>Bed\u00fcrftige Kinder und Familien ben\u00f6tigen unsere Unterst\u00fctzung. <strong>Spenden Sie<\/strong> und schenken Sie Kindern einen Weg zum Lachen, <strong>zu mehr Freude<\/strong> am Leben und sich selbst.<\/p>\n<p><strong>Spendenkonto:<\/strong><br \/>\nF\u00f6rderverein tiergest\u00fctzter Kindertherapie e.V.<br \/>\nIBAN: DE32 3007 0010 0096 0096 00<br \/>\nDeutsche Bank D\u00fcsseldorf<\/p>\n<p>F\u00fcr eine Spendenbescheinigung geben Sie bitte im Verwendungszweck Ihre eigene Anschrift an.<\/p>\n<\/div>\n<\/div><\/div><\/div><\/div><\/div><\/div><\/div><\/div><\/div>","protected":false},"excerpt":{"rendered":"<p>Vereinszweck \u2013 Familienhilfe und Unterst\u00fctzung Der F\u00f6rderverein tiergest\u00fctzter Kindertherapie e.V. verfolgt ausschlie\u00dflich und unmittelbar gemeinn\u00fctzige Zwecke. Er f\u00f6rdert die ganzheitliche tiergest\u00fctzte Therapie zur Unterst\u00fctzung k\u00f6rper- und geistig behinderter sowie psychisch erkrankter Menschen (besonders Kinder) und deren Familien. Unsere T\u00e4tigkeiten Finanzielle Unterst\u00fctzung der tiergest\u00fctzten Kindertherapie Hilfe bei der Hilfsmittelversorgung Reittherapie Hilfe bei finanziellen Fragen und Problemen &hellip; <\/p>\n<p class=\"link-more\"><a href=\"https:\/\/www.ftkt.de\/?page_id=313\" class=\"more-link\"><span class=\"screen-reader-text\">\u201eFamilienhilfe\u201c <\/span>weiterlesen<\/a><\/p>\n","protected":false},"author":2,"featured_media":0,"parent":0,"menu_order":0,"comment_status":"closed","ping_status":"closed","template":"","meta":{"footnotes":""},"class_list":["post-313","page","type-page","status-publish","hentry"],"jetpack_sharing_enabled":true,"_links":{"self":[{"href":"https:\/\/www.ftkt.de\/index.php?rest_route=\/wp\/v2\/pages\/313","targetHints":{"allow":["GET"]}}],"collection":[{"href":"https:\/\/www.ftkt.de\/index.php?rest_route=\/wp\/v2\/pages"}],"about":[{"href":"https:\/\/www.ftkt.de\/index.php?rest_route=\/wp\/v2\/types\/page"}],"author":[{"embeddable":true,"href":"https:\/\/www.ftkt.de\/index.php?rest_route=\/wp\/v2\/users\/2"}],"replies":[{"embeddable":true,"href":"https:\/\/www.ftkt.de\/index.php?rest_route=%2Fwp%2Fv2%2Fcomments&post=313"}],"version-history":[{"count":13,"href":"https:\/\/www.ftkt.de\/index.php?rest_route=\/wp\/v2\/pages\/313\/revisions"}],"predecessor-version":[{"id":685,"href":"https:\/\/www.ftkt.de\/index.php?rest_route=\/wp\/v2\/pages\/313\/revisions\/685"}],"wp:attachment":[{"href":"https:\/\/www.ftkt.de\/index.php?rest_route=%2Fwp%2Fv2%2Fmedia&parent=313"}],"curies":[{"name":"wp","href":"https:\/\/api.w.org\/{rel}","templated":true}]}}