{"id":340,"date":"2019-02-10T11:26:01","date_gmt":"2019-02-10T11:26:01","guid":{"rendered":"https:\/\/ftkt.de\/?page_id=340"},"modified":"2019-02-10T11:27:52","modified_gmt":"2019-02-10T11:27:52","slug":"home-3","status":"publish","type":"page","link":"https:\/\/www.ftkt.de\/?page_id=340","title":{"rendered":"Der Vorstand"},"content":{"rendered":"<div id=\"pl-340\"  class=\"panel-layout\" ><div id=\"pg-340-0\"  class=\"panel-grid panel-no-style\" ><div id=\"pgc-340-0-0\"  class=\"panel-grid-cell\" ><div id=\"panel-340-0-0-0\" class=\"so-panel widget widget_siteorigin-panels-builder panel-first-child panel-last-child\" data-index=\"0\" ><div id=\"pl-w5c600a8c9f6b9\"  class=\"panel-layout\" ><div id=\"pg-w5c600a8c9f6b9-0\"  class=\"panel-grid panel-no-style\" ><div id=\"pgc-w5c600a8c9f6b9-0-0\"  class=\"panel-grid-cell\" ><div id=\"panel-w5c600a8c9f6b9-0-0-0\" class=\"so-panel widget widget_media_image panel-first-child panel-last-child\" data-index=\"0\" ><img loading=\"lazy\" decoding=\"async\" width=\"300\" height=\"141\" src=\"https:\/\/www.ftkt.de\/wp-content\/uploads\/2019\/02\/foerderv3_final-trans1-300x141.jpg\" class=\"image wp-image-24  attachment-medium size-medium\" alt=\"\" style=\"max-width: 100%; height: auto;\" srcset=\"https:\/\/www.ftkt.de\/wp-content\/uploads\/2019\/02\/foerderv3_final-trans1-300x141.jpg 300w, https:\/\/www.ftkt.de\/wp-content\/uploads\/2019\/02\/foerderv3_final-trans1.jpg 398w\" sizes=\"auto, 100vw\" \/><\/div><\/div><div id=\"pgc-w5c600a8c9f6b9-0-1\"  class=\"panel-grid-cell\" ><div id=\"panel-w5c600a8c9f6b9-0-1-0\" class=\"so-panel widget widget_sow-editor panel-first-child panel-last-child\" data-index=\"1\" ><div\n\t\t\t\n\t\t\tclass=\"so-widget-sow-editor so-widget-sow-editor-base\"\n\t\t\t\n\t\t>\n<div class=\"siteorigin-widget-tinymce textwidget\">\n\t<p><strong>Oliver von Seidel<\/strong><br \/>\n1. Vorsitzender<\/p>\n<p>Nach beruflichen Stationen in der Finanzwirtschaft, davon viele Jahre in einem mittelst\u00e4ndigen Familienunternehmen, hat sich Oliver von Seidel auf Aufgaben in Familiengesellschaften und Familienstiftungen spezialisiert. Mit Erfahrungen aus dieser Arbeit kann er dem Verein dienen. Oliver von Seidel ist Vater von vier Kindern.<\/p>\n<p><strong>Dr. Bernd K\u00f6ster<\/strong><br \/>\nStellvertretender Vorstandsvorsitzender<\/p>\n<p>Dr. Bernd K\u00f6ster, Rechtsanwalt. Langj\u00e4hriger Vorstandsvorsitzender mehrerer Schulf\u00f6rdervereine.<\/p>\n<p><strong>Katrin Klages<\/strong><br \/>\nSchatzmeisterin<\/p>\n<p>Ausgestattet mit Abschl\u00fcssen in der Betriebswirtschaft und mit Erfahrungen im Bankgesch\u00e4ft ist Katrin Klages qualifiziert f\u00fcr die Aufgabe als Schatzmeisterin. Sie kann sich \u00fcberdies als Mutter von drei Kindern und als \u201eFamilienmensch\u201c besonders gut in die Bed\u00fcrfnisse von Familien hineinversetzen.<\/p>\n<\/div>\n<\/div><\/div><\/div><\/div><\/div><\/div><\/div><\/div><\/div>","protected":false},"excerpt":{"rendered":"<p>Oliver von Seidel 1. Vorsitzender Nach beruflichen Stationen in der Finanzwirtschaft, davon viele Jahre in einem mittelst\u00e4ndigen Familienunternehmen, hat sich Oliver von Seidel auf Aufgaben in Familiengesellschaften und Familienstiftungen spezialisiert. Mit Erfahrungen aus dieser Arbeit kann er dem Verein dienen. Oliver von Seidel ist Vater von vier Kindern. Dr. Bernd K\u00f6ster Stellvertretender Vorstandsvorsitzender Dr. Bernd &hellip; <\/p>\n<p class=\"link-more\"><a href=\"https:\/\/www.ftkt.de\/?page_id=340\" class=\"more-link\"><span class=\"screen-reader-text\">\u201eDer Vorstand\u201c <\/span>weiterlesen<\/a><\/p>\n","protected":false},"author":2,"featured_media":0,"parent":0,"menu_order":0,"comment_status":"closed","ping_status":"closed","template":"","meta":{"footnotes":""},"class_list":["post-340","page","type-page","status-publish","hentry"],"jetpack_sharing_enabled":true,"_links":{"self":[{"href":"https:\/\/www.ftkt.de\/index.php?rest_route=\/wp\/v2\/pages\/340","targetHints":{"allow":["GET"]}}],"collection":[{"href":"https:\/\/www.ftkt.de\/index.php?rest_route=\/wp\/v2\/pages"}],"about":[{"href":"https:\/\/www.ftkt.de\/index.php?rest_route=\/wp\/v2\/types\/page"}],"author":[{"embeddable":true,"href":"https:\/\/www.ftkt.de\/index.php?rest_route=\/wp\/v2\/users\/2"}],"replies":[{"embeddable":true,"href":"https:\/\/www.ftkt.de\/index.php?rest_route=%2Fwp%2Fv2%2Fcomments&post=340"}],"version-history":[{"count":5,"href":"https:\/\/www.ftkt.de\/index.php?rest_route=\/wp\/v2\/pages\/340\/revisions"}],"predecessor-version":[{"id":346,"href":"https:\/\/www.ftkt.de\/index.php?rest_route=\/wp\/v2\/pages\/340\/revisions\/346"}],"wp:attachment":[{"href":"https:\/\/www.ftkt.de\/index.php?rest_route=%2Fwp%2Fv2%2Fmedia&parent=340"}],"curies":[{"name":"wp","href":"https:\/\/api.w.org\/{rel}","templated":true}]}}