{"id":347,"date":"2019-02-10T11:28:54","date_gmt":"2019-02-10T11:28:54","guid":{"rendered":"https:\/\/ftkt.de\/?page_id=347"},"modified":"2019-02-19T13:35:54","modified_gmt":"2019-02-19T13:35:54","slug":"home-2-3","status":"publish","type":"page","link":"https:\/\/www.ftkt.de\/?page_id=347","title":{"rendered":"Tiergest\u00fctzte Therapie"},"content":{"rendered":"<div id=\"pl-347\"  class=\"panel-layout\" ><div id=\"pg-347-0\"  class=\"panel-grid panel-no-style\" ><div id=\"pgc-347-0-0\"  class=\"panel-grid-cell\" ><div id=\"panel-347-0-0-0\" class=\"so-panel widget widget_siteorigin-panels-builder panel-first-child panel-last-child\" data-index=\"0\" ><div id=\"pl-w5c6c063a941b6\"  class=\"panel-layout\" ><div id=\"pg-w5c6c063a941b6-0\"  class=\"panel-grid panel-no-style\" ><div id=\"pgc-w5c6c063a941b6-0-0\"  class=\"panel-grid-cell\" ><div id=\"panel-w5c6c063a941b6-0-0-0\" class=\"so-panel widget widget_sow-slider panel-first-child panel-last-child\" data-index=\"0\" ><div\n\t\t\t\n\t\t\tclass=\"so-widget-sow-slider so-widget-sow-slider-default-6d39609536fd\"\n\t\t\t\n\t\t>\t\t\t\t<div class=\"sow-slider-base\" style=\"display: none\" tabindex=\"0\">\n\t\t\t\t\t<ul\n\t\t\t\t\tclass=\"sow-slider-images\"\n\t\t\t\t\tdata-settings=\"{&quot;pagination&quot;:true,&quot;speed&quot;:800,&quot;timeout&quot;:8000,&quot;paused&quot;:false,&quot;pause_on_hover&quot;:false,&quot;swipe&quot;:true,&quot;nav_always_show_desktop&quot;:&quot;&quot;,&quot;nav_always_show_mobile&quot;:&quot;&quot;,&quot;breakpoint&quot;:&quot;780px&quot;,&quot;unmute&quot;:false,&quot;anchor&quot;:null}\"\n\t\t\t\t\t\t\t\t\t\tdata-anchor-id=\"\"\n\t\t\t\t>\t\t<li class=\"sow-slider-image\" style=\"visibility: visible;\" >\n\t\t\t\t\t\t<img loading=\"lazy\" decoding=\"async\" width=\"319\" height=\"480\" src=\"https:\/\/www.ftkt.de\/wp-content\/uploads\/2019\/02\/k-DSC_0734.jpg\" class=\"sow-slider-background-image\" alt=\"\" style=\"\" srcset=\"https:\/\/www.ftkt.de\/wp-content\/uploads\/2019\/02\/k-DSC_0734.jpg 319w, https:\/\/www.ftkt.de\/wp-content\/uploads\/2019\/02\/k-DSC_0734-199x300.jpg 199w\" sizes=\"auto, 100vw\" \/>\t\t<\/li>\n\t\t\t\t<li class=\"sow-slider-image\" style=\"visibility: hidden;\" >\n\t\t\t\t\t\t<img loading=\"lazy\" decoding=\"async\" width=\"360\" height=\"480\" src=\"https:\/\/www.ftkt.de\/wp-content\/uploads\/2019\/02\/k-DSCF1050.jpg\" class=\"sow-slider-background-image\" alt=\"\" style=\"\" srcset=\"https:\/\/www.ftkt.de\/wp-content\/uploads\/2019\/02\/k-DSCF1050.jpg 360w, https:\/\/www.ftkt.de\/wp-content\/uploads\/2019\/02\/k-DSCF1050-225x300.jpg 225w\" sizes=\"auto, 100vw\" \/>\t\t<\/li>\n\t\t\t\t<li class=\"sow-slider-image\" style=\"visibility: hidden;\" >\n\t\t\t\t\t\t<img loading=\"lazy\" decoding=\"async\" width=\"320\" height=\"480\" src=\"https:\/\/www.ftkt.de\/wp-content\/uploads\/2019\/02\/Simon-1.jpg\" class=\"sow-slider-background-image\" alt=\"\" style=\"\" srcset=\"https:\/\/www.ftkt.de\/wp-content\/uploads\/2019\/02\/Simon-1.jpg 320w, https:\/\/www.ftkt.de\/wp-content\/uploads\/2019\/02\/Simon-1-200x300.jpg 200w\" sizes=\"auto, 100vw\" \/>\t\t<\/li>\n\t\t<\/ul>\t\t\t\t<ol class=\"sow-slider-pagination\">\n\t\t\t\t\t\t\t\t\t\t\t<li><a href=\"#\" data-goto=\"0\" aria-label=\"Display slide 1\"><\/a><\/li>\n\t\t\t\t\t\t\t\t\t\t\t<li><a href=\"#\" data-goto=\"1\" aria-label=\"Display slide 2\"><\/a><\/li>\n\t\t\t\t\t\t\t\t\t\t\t<li><a href=\"#\" data-goto=\"2\" aria-label=\"Display slide 3\"><\/a><\/li>\n\t\t\t\t\t\t\t\t\t<\/ol>\n\n\t\t\t\t<div class=\"sow-slide-nav sow-slide-nav-next\">\n\t\t\t\t\t<a href=\"#\" data-goto=\"next\" aria-label=\"Next slide\" data-action=\"next\">\n\t\t\t\t\t\t<em class=\"sow-sld-icon-thin-right\"><\/em>\n\t\t\t\t\t<\/a>\n\t\t\t\t<\/div>\n\n\t\t\t\t<div class=\"sow-slide-nav sow-slide-nav-prev\">\n\t\t\t\t\t<a href=\"#\" data-goto=\"previous\" aria-label=\"Previous slide\" data-action=\"prev\">\n\t\t\t\t\t\t<em class=\"sow-sld-icon-thin-left\"><\/em>\n\t\t\t\t\t<\/a>\n\t\t\t\t<\/div>\n\t\t\t\t<\/div><\/div><\/div><\/div><div id=\"pgc-w5c6c063a941b6-0-1\"  class=\"panel-grid-cell\" ><div id=\"panel-w5c6c063a941b6-0-1-0\" class=\"so-panel widget widget_sow-editor panel-first-child panel-last-child\" data-index=\"1\" ><div\n\t\t\t\n\t\t\tclass=\"so-widget-sow-editor so-widget-sow-editor-base\"\n\t\t\t\n\t\t>\n<div class=\"siteorigin-widget-tinymce textwidget\">\n\t<p>In der tiergest\u00fctzten Therapie helfen <strong>Tiere als Co-Therapeuten<\/strong> mit.<\/p>\n<p>Es gibt <strong>viele Einsatzm\u00f6glichkeiten<\/strong> f\u00fcr die Tiere, die besonders motivieren und einen Belohnungsfaktor darstellen.<\/p>\n<p>Sie dienen als <strong>\u201eKatalysator\u201c beim Lern- und Entwicklungsprozess<\/strong>.<\/p>\n<p>Durch die gef\u00f6rderte, erh\u00f6hte<strong> Motivation<\/strong> steigen <strong>Konzentrationsleistungen<\/strong> und <strong>Durchhalteverm\u00f6gen<\/strong> in der Therapie.<\/p>\n<p>So kann mit Freude effektiv an <strong>motorischen<\/strong>,<strong> sensorischen<\/strong>, <strong>kommunikativen <\/strong>und<strong> sozialen Kompetenzen<\/strong> gearbeitet werden.<\/p>\n<p>&nbsp;<\/p>\n<p><strong>Die Vorteile <\/strong>des Tiereinsatzes in der Therapie:<\/p>\n<ul>\n<li>Tiere sind ein sozialer Katalysator in der Therapie.<\/li>\n<li>In Anwesenheit der Tiere stabilisiert sich unser Kreislauf, unser Blutdruck wird gesenkt und Stress wird reduziert.<\/li>\n<li>Tiere sind eine wichtige Bereicherung des sozialen und \u00f6kologischen Umfeldes und f\u00f6rdern somit die Gesundheit (Soziopsychosomatik).<\/li>\n<li>Tiere sprechen die Gef\u00fchlsebene an und finden h\u00e4ufig einen leichteren Zugang zum Menschen.<\/li>\n<li>Durch K\u00f6rperkontakt mit dem Tier sinkt der Muskeltonus und unser K\u00f6rper beruhigt und entspannt sich.<\/li>\n<li>Durch den hohen Aufforderungscharakter der Tiere wird unsere Motivation gesteigert.<\/li>\n<li>Da Tiere unvoreingenommene Akzeptanz (Tiere urteilen nicht), Zuwendung, Z\u00e4rtlichkeit, Trost und Ermunterung dem Menschen gegen\u00fcber zeigen, wird das emotionale Wohlbefinden verbessert.<\/li>\n<li>Durch konstante Wertsch\u00e4tzung, das Gef\u00fchl gebraucht zu werden (Verantwortung \u00fcbernehmen) und durch das Erleben von Bew\u00e4ltigungskompetenzen werden unser positives Selbstbild, Selbstwertgef\u00fchl und Selbstbewusstsein in Interaktion mit dem Tier gef\u00f6rdert.<\/li>\n<li>Das Gef\u00fchl von sozialer Integration wird hervorgerufen durch die Geborgenheit, Vertrauen, Erfahrung von N\u00e4he und Teamgef\u00fchl mit dem Tier.<\/li>\n<\/ul>\n<\/div>\n<\/div><\/div><\/div><\/div><\/div><\/div><\/div><\/div><\/div>","protected":false},"excerpt":{"rendered":"<p>In der tiergest\u00fctzten Therapie helfen Tiere als Co-Therapeuten mit. Es gibt viele Einsatzm\u00f6glichkeiten f\u00fcr die Tiere, die besonders motivieren und einen Belohnungsfaktor darstellen. Sie dienen als \u201eKatalysator\u201c beim Lern- und Entwicklungsprozess. Durch die gef\u00f6rderte, erh\u00f6hte Motivation steigen Konzentrationsleistungen und Durchhalteverm\u00f6gen in der Therapie. So kann mit Freude effektiv an motorischen, sensorischen, kommunikativen und sozialen Kompetenzen &hellip; <\/p>\n<p class=\"link-more\"><a href=\"https:\/\/www.ftkt.de\/?page_id=347\" class=\"more-link\"><span class=\"screen-reader-text\">\u201eTiergest\u00fctzte Therapie\u201c <\/span>weiterlesen<\/a><\/p>\n","protected":false},"author":2,"featured_media":0,"parent":0,"menu_order":0,"comment_status":"closed","ping_status":"closed","template":"","meta":{"footnotes":""},"class_list":["post-347","page","type-page","status-publish","hentry"],"jetpack_sharing_enabled":true,"_links":{"self":[{"href":"https:\/\/www.ftkt.de\/index.php?rest_route=\/wp\/v2\/pages\/347","targetHints":{"allow":["GET"]}}],"collection":[{"href":"https:\/\/www.ftkt.de\/index.php?rest_route=\/wp\/v2\/pages"}],"about":[{"href":"https:\/\/www.ftkt.de\/index.php?rest_route=\/wp\/v2\/types\/page"}],"author":[{"embeddable":true,"href":"https:\/\/www.ftkt.de\/index.php?rest_route=\/wp\/v2\/users\/2"}],"replies":[{"embeddable":true,"href":"https:\/\/www.ftkt.de\/index.php?rest_route=%2Fwp%2Fv2%2Fcomments&post=347"}],"version-history":[{"count":18,"href":"https:\/\/www.ftkt.de\/index.php?rest_route=\/wp\/v2\/pages\/347\/revisions"}],"predecessor-version":[{"id":694,"href":"https:\/\/www.ftkt.de\/index.php?rest_route=\/wp\/v2\/pages\/347\/revisions\/694"}],"wp:attachment":[{"href":"https:\/\/www.ftkt.de\/index.php?rest_route=%2Fwp%2Fv2%2Fmedia&parent=347"}],"curies":[{"name":"wp","href":"https:\/\/api.w.org\/{rel}","templated":true}]}}