{"id":365,"date":"2019-02-10T11:48:46","date_gmt":"2019-02-10T11:48:46","guid":{"rendered":"https:\/\/ftkt.de\/?page_id=365"},"modified":"2026-03-31T11:47:54","modified_gmt":"2026-03-31T11:47:54","slug":"home-2-4","status":"publish","type":"page","link":"https:\/\/www.ftkt.de\/?page_id=365","title":{"rendered":"Kontakt"},"content":{"rendered":"<div id=\"pl-365\"  class=\"panel-layout\" ><div id=\"pg-365-0\"  class=\"panel-grid panel-no-style\" ><div id=\"pgc-365-0-0\"  class=\"panel-grid-cell\" ><div id=\"panel-365-0-0-0\" class=\"so-panel widget widget_siteorigin-panels-builder panel-first-child panel-last-child\" data-index=\"0\" ><div id=\"pl-w69cbb46adb63b\"  class=\"panel-layout\" ><div id=\"pg-w69cbb46adb63b-0\"  class=\"panel-grid panel-no-style\" ><div id=\"pgc-w69cbb46adb63b-0-0\"  class=\"panel-grid-cell\" ><div id=\"panel-w69cbb46adb63b-0-0-0\" class=\"so-panel widget widget_sow-slider panel-first-child panel-last-child\" data-index=\"0\" ><div\n\t\t\t\n\t\t\tclass=\"so-widget-sow-slider so-widget-sow-slider-default-6d39609536fd\"\n\t\t\t\n\t\t>\t\t\t\t<div class=\"sow-slider-base\" style=\"display: none\" tabindex=\"0\">\n\t\t\t\t\t<ul\n\t\t\t\t\tclass=\"sow-slider-images\"\n\t\t\t\t\tdata-settings=\"{&quot;pagination&quot;:true,&quot;speed&quot;:800,&quot;timeout&quot;:8000,&quot;paused&quot;:false,&quot;pause_on_hover&quot;:false,&quot;swipe&quot;:true,&quot;nav_always_show_desktop&quot;:&quot;&quot;,&quot;nav_always_show_mobile&quot;:&quot;&quot;,&quot;breakpoint&quot;:&quot;780px&quot;,&quot;unmute&quot;:false,&quot;anchor&quot;:null}\"\n\t\t\t\t\t\t\t\t\t\tdata-anchor-id=\"\"\n\t\t\t\t>\t\t<li class=\"sow-slider-image\" style=\"visibility: visible;\" >\n\t\t\t\t\t\t<img loading=\"lazy\" decoding=\"async\" width=\"640\" height=\"426\" src=\"https:\/\/www.ftkt.de\/wp-content\/uploads\/2019\/02\/k-DSC_0361.jpg\" class=\"sow-slider-background-image\" alt=\"\" style=\"\" srcset=\"https:\/\/www.ftkt.de\/wp-content\/uploads\/2019\/02\/k-DSC_0361.jpg 640w, https:\/\/www.ftkt.de\/wp-content\/uploads\/2019\/02\/k-DSC_0361-300x200.jpg 300w, https:\/\/www.ftkt.de\/wp-content\/uploads\/2019\/02\/k-DSC_0361-272x182.jpg 272w\" sizes=\"auto, 100vw\" \/>\t\t<\/li>\n\t\t\t\t<li class=\"sow-slider-image\" style=\"visibility: hidden;\" >\n\t\t\t\t\t\t<img loading=\"lazy\" decoding=\"async\" width=\"1200\" height=\"1800\" src=\"https:\/\/www.ftkt.de\/wp-content\/uploads\/2019\/02\/K1600_ftkt-homepage-2019-14.jpg\" class=\"sow-slider-background-image\" alt=\"\" style=\"\" srcset=\"https:\/\/www.ftkt.de\/wp-content\/uploads\/2019\/02\/K1600_ftkt-homepage-2019-14.jpg 1200w, https:\/\/www.ftkt.de\/wp-content\/uploads\/2019\/02\/K1600_ftkt-homepage-2019-14-200x300.jpg 200w, https:\/\/www.ftkt.de\/wp-content\/uploads\/2019\/02\/K1600_ftkt-homepage-2019-14-768x1152.jpg 768w, https:\/\/www.ftkt.de\/wp-content\/uploads\/2019\/02\/K1600_ftkt-homepage-2019-14-683x1024.jpg 683w\" sizes=\"auto, 100vw\" \/>\t\t<\/li>\n\t\t\t\t<li class=\"sow-slider-image\" style=\"visibility: hidden;\" >\n\t\t\t\t\t\t<img loading=\"lazy\" decoding=\"async\" width=\"1805\" height=\"1200\" src=\"https:\/\/www.ftkt.de\/wp-content\/uploads\/2019\/02\/K1600_ftkt-homepage-2019-5.jpg\" class=\"sow-slider-background-image\" alt=\"\" style=\"\" srcset=\"https:\/\/www.ftkt.de\/wp-content\/uploads\/2019\/02\/K1600_ftkt-homepage-2019-5.jpg 1805w, https:\/\/www.ftkt.de\/wp-content\/uploads\/2019\/02\/K1600_ftkt-homepage-2019-5-300x199.jpg 300w, https:\/\/www.ftkt.de\/wp-content\/uploads\/2019\/02\/K1600_ftkt-homepage-2019-5-768x511.jpg 768w, https:\/\/www.ftkt.de\/wp-content\/uploads\/2019\/02\/K1600_ftkt-homepage-2019-5-1024x681.jpg 1024w, https:\/\/www.ftkt.de\/wp-content\/uploads\/2019\/02\/K1600_ftkt-homepage-2019-5-272x182.jpg 272w\" sizes=\"auto, 100vw\" \/>\t\t<\/li>\n\t\t<\/ul>\t\t\t\t<ol class=\"sow-slider-pagination\">\n\t\t\t\t\t\t\t\t\t\t\t<li><a href=\"#\" data-goto=\"0\" aria-label=\"Display slide 1\"><\/a><\/li>\n\t\t\t\t\t\t\t\t\t\t\t<li><a href=\"#\" data-goto=\"1\" aria-label=\"Display slide 2\"><\/a><\/li>\n\t\t\t\t\t\t\t\t\t\t\t<li><a href=\"#\" data-goto=\"2\" aria-label=\"Display slide 3\"><\/a><\/li>\n\t\t\t\t\t\t\t\t\t<\/ol>\n\n\t\t\t\t<div class=\"sow-slide-nav sow-slide-nav-next\">\n\t\t\t\t\t<a href=\"#\" data-goto=\"next\" aria-label=\"Next slide\" data-action=\"next\">\n\t\t\t\t\t\t<em class=\"sow-sld-icon-thin-right\"><\/em>\n\t\t\t\t\t<\/a>\n\t\t\t\t<\/div>\n\n\t\t\t\t<div class=\"sow-slide-nav sow-slide-nav-prev\">\n\t\t\t\t\t<a href=\"#\" data-goto=\"previous\" aria-label=\"Previous slide\" data-action=\"prev\">\n\t\t\t\t\t\t<em class=\"sow-sld-icon-thin-left\"><\/em>\n\t\t\t\t\t<\/a>\n\t\t\t\t<\/div>\n\t\t\t\t<\/div><\/div><\/div><\/div><div id=\"pgc-w69cbb46adb63b-0-1\"  class=\"panel-grid-cell\" ><div id=\"panel-w69cbb46adb63b-0-1-0\" class=\"so-panel widget widget_sow-editor panel-first-child panel-last-child\" data-index=\"1\" ><div\n\t\t\t\n\t\t\tclass=\"so-widget-sow-editor so-widget-sow-editor-base\"\n\t\t\t\n\t\t>\n<div class=\"siteorigin-widget-tinymce textwidget\">\n\t<p><strong>Kontaktieren Sie uns.<\/strong><\/p>\n<p>Wir freuen uns auf Sie!<\/p>\n<p>F\u00f6rderverein tiergest\u00fctzter Kindertherapie e.V.<\/p>\n<p>K\u00f6nigsallee 6-8<br \/>\n40212 D\u00fcsseldorf<br \/>\n<a id=\"Spenden\"><\/a><br \/>\nTel: +49 172 3020090<br \/>\nEmail: FTKT@gmx.de<br \/>\nwww.FTKT.de<\/p>\n<p><strong>Spendenkonto:<\/strong><br \/>\nF\u00f6rderverein tiergest\u00fctzter Kindertherapie e.V.<br \/>\nIBAN: DE32 3007 0010 0096 0096 00<br \/>\nDeutsche Bank D\u00fcsseldorf<\/p>\n<p>F\u00fcr eine Spendenbescheinigung geben Sie bitte im Verwendungszweck Ihre eigene Anschrift an.<\/p>\n<\/div>\n<\/div><\/div><\/div><\/div><\/div><\/div><\/div><\/div><\/div>","protected":false},"excerpt":{"rendered":"<p>Kontaktieren Sie uns. Wir freuen uns auf Sie! F\u00f6rderverein tiergest\u00fctzter Kindertherapie e.V. K\u00f6nigsallee 6-8 40212 D\u00fcsseldorf Tel: +49 172 3020090 Email: FTKT@gmx.de www.FTKT.de Spendenkonto: F\u00f6rderverein tiergest\u00fctzter Kindertherapie e.V. IBAN: DE32 3007 0010 0096 0096 00 Deutsche Bank D\u00fcsseldorf F\u00fcr eine Spendenbescheinigung geben Sie bitte im Verwendungszweck Ihre eigene Anschrift an.<\/p>\n","protected":false},"author":2,"featured_media":0,"parent":0,"menu_order":0,"comment_status":"closed","ping_status":"closed","template":"","meta":{"footnotes":""},"class_list":["post-365","page","type-page","status-publish","hentry"],"jetpack_sharing_enabled":true,"_links":{"self":[{"href":"https:\/\/www.ftkt.de\/index.php?rest_route=\/wp\/v2\/pages\/365","targetHints":{"allow":["GET"]}}],"collection":[{"href":"https:\/\/www.ftkt.de\/index.php?rest_route=\/wp\/v2\/pages"}],"about":[{"href":"https:\/\/www.ftkt.de\/index.php?rest_route=\/wp\/v2\/types\/page"}],"author":[{"embeddable":true,"href":"https:\/\/www.ftkt.de\/index.php?rest_route=\/wp\/v2\/users\/2"}],"replies":[{"embeddable":true,"href":"https:\/\/www.ftkt.de\/index.php?rest_route=%2Fwp%2Fv2%2Fcomments&post=365"}],"version-history":[{"count":98,"href":"https:\/\/www.ftkt.de\/index.php?rest_route=\/wp\/v2\/pages\/365\/revisions"}],"predecessor-version":[{"id":704,"href":"https:\/\/www.ftkt.de\/index.php?rest_route=\/wp\/v2\/pages\/365\/revisions\/704"}],"wp:attachment":[{"href":"https:\/\/www.ftkt.de\/index.php?rest_route=%2Fwp%2Fv2%2Fmedia&parent=365"}],"curies":[{"name":"wp","href":"https:\/\/api.w.org\/{rel}","templated":true}]}}