{"id":394,"date":"2019-02-10T12:37:33","date_gmt":"2019-02-10T12:37:33","guid":{"rendered":"https:\/\/ftkt.de\/?page_id=394"},"modified":"2019-03-10T10:43:29","modified_gmt":"2019-03-10T10:43:29","slug":"home-3-2","status":"publish","type":"page","link":"https:\/\/www.ftkt.de\/?page_id=394","title":{"rendered":"Datenschutz"},"content":{"rendered":"<div id=\"pl-394\"  class=\"panel-layout\" ><div id=\"pg-394-0\"  class=\"panel-grid panel-no-style\" ><div id=\"pgc-394-0-0\"  class=\"panel-grid-cell\" ><div id=\"panel-394-0-0-0\" class=\"so-panel widget widget_siteorigin-panels-builder panel-first-child panel-last-child\" data-index=\"0\" ><div id=\"pl-w5c84ea5141d64\"  class=\"panel-layout\" ><div id=\"pg-w5c84ea5141d64-0\"  class=\"panel-grid panel-no-style\" ><div id=\"pgc-w5c84ea5141d64-0-0\"  class=\"panel-grid-cell panel-grid-cell-empty\" ><\/div><div id=\"pgc-w5c84ea5141d64-0-1\"  class=\"panel-grid-cell\" ><div id=\"panel-w5c84ea5141d64-0-1-0\" class=\"so-panel widget widget_sow-editor panel-first-child panel-last-child\" data-index=\"0\" ><div\n\t\t\t\n\t\t\tclass=\"so-widget-sow-editor so-widget-sow-editor-base\"\n\t\t\t\n\t\t>\n<div class=\"siteorigin-widget-tinymce textwidget\">\n\t<div class=\"page\" data-page-number=\"7\" data-loaded=\"true\">\n<div class=\"canvasWrapper\">\n<p>Datenschutzerkl\u00e4rung<\/p>\n<p>&nbsp;<\/p>\n<p>Allgemeine Hinweise<\/p>\n<p>&nbsp;<\/p>\n<p>Die folgenden Hinweise geben einen einfachen \u00dcberblick dar\u00fcber, was mit Ihren personenbezogenen Datenpassiert, wenn Sie unsere Website besuchen. Personenbezogene Daten sind alle Daten, mit denen Sie pers\u00f6nlich identifiziert werden k\u00f6nnen.<\/p>\n<p>&nbsp;<\/p>\n<p>Datenerfassung auf unserer Website<\/p>\n<p>&nbsp;<\/p>\n<p>Unsere Website dient lediglich dazu, die Besucher \u00fcber unsere Aktivit\u00e4ten zu informieren. Es werden keine personenbezogenen Daten von Besuchern gesammelt oder gespeichert. Unsere Website verwendet keine Cookies f\u00fcr Besucher. Session-Cookies werden verwendet, jedoch nur f\u00fcr angemeldete Administratoren. Auf unserer Website werden keine weiteren Cookies verwendet.<\/p>\n<p>&nbsp;<\/p>\n<p>Die Betreiber dieser Seiten nehmen den Schutz Ihrer pers\u00f6nlichen Daten sehr ernst. Wir behandeln Ihre personenbezogenen Daten vertraulich und entsprechend der gesetzlichen Datenschutzvorschriften sowie dieser Datenschutzerkl\u00e4rung. Wir weisen darauf hin, dass die Daten\u00fcbertragung im Internet (z.B. bei der Kommunikation per E-Mail) Sicherheitsl\u00fccken aufweisen kann. Ein l\u00fcckenloser Schutz der Daten vor dem Zugriff durch Dritte ist nicht m\u00f6glich.<\/p>\n<p>&nbsp;<\/p>\n<p>Die verantwortliche Stelle f\u00fcr die Datenverarbeitung auf dieser Website ist:<\/p>\n<p>&nbsp;<\/p>\n<p>F\u00f6rderverein tiergest\u00fctzter Kindertherapie e.V.<\/p>\n<p>Schadowstrasse 11 E<\/p>\n<p>40212 D\u00fcsseldorf<\/p>\n<p><a href=\"http:\/\/www.FTKT.de\">www.FTKT.de<\/a><\/p>\n<p>Telefon: Tel: 0211\/1385621<\/p>\n<p>E-Mail: Email: <a href=\"mailto:FTKT@gmx.de\">FTKT@gmx.de<\/a><\/p>\n<p>&nbsp;<\/p>\n<p>Wie erfassen wir Ihre Daten?<\/p>\n<p>&nbsp;<\/p>\n<p>Ihre Daten werden dadurch erhoben, dass Sie uns diese mitteilen. Wenn Sie uns eine E-Mail mit der auf dieser Website angegebenen Adresse senden, wird Ihre E-Mail online in unserem E-Mail-Konto <a href=\"mailto:ftkt@gmx.de\">ftkt@gmx.de<\/a> gespeichert. Ihre Adresse, Telefonnummer und E-Mail Adresse darf von uns nur zur Aktualisierung und \u00dcberpr\u00fcfung der Richtigkeit der Liste der Mitglieder und deren Adressdaten, f\u00fcr Mitgliederrundschreiben, Mitteilungen und Einladungen des Vereins verarbeitet und genutzt werden. Die Daten d\u00fcrfen nicht an Dritte weitergeleitet werden.<\/p>\n<p>&nbsp;<\/p>\n<p>Welche Rechte haben Sie bez\u00fcglich Ihrer Daten?<\/p>\n<p>&nbsp;<\/p>\n<p>Sie haben jederzeit das Recht unentgeltlich Auskunft \u00fcber Herkunft, Empf\u00e4nger und Zweck Ihrer gespeicherten personenbezogenen Daten zu erhalten. Sie haben au\u00dferdem ein Recht, die Berichtigung, Sperrung oder L\u00f6schung dieser Daten zu verlangen. Hierzu sowie zu weiteren Fragen zum Thema Datenschutz k\u00f6nnen Sie sich jederzeit unter der im Impressum angegebenen Adresse an uns wenden. Des Weiteren steht Ihnen ein Beschwerderecht bei der zust\u00e4ndigen Aufsichtsbeh\u00f6rde zu. Au\u00dferdem haben Sie das Recht, unter bestimmten Umst\u00e4nden die Einschr\u00e4nkung der Verarbeitung Ihrer personenbezogenen Daten zu verlangen.<\/p>\n<p>&nbsp;<\/p>\n<p>SSL- bzw. TLS-Verschl\u00fcsselung<\/p>\n<p>&nbsp;<\/p>\n<p>Diese Seite nutzt aus Sicherheitsgr\u00fcnden und zum Schutz der \u00dcbertragung vertraulicher Inhalte eine SSL-bzw. TLS-Verschl\u00fcsselung. Eine verschl\u00fcsselte Verbindung erkennen Sie daran, dass die Adresszeile des Browsers von\u201chttp:\/\/\u201d auf \u201chttps:\/\/\u201d wechselt und an dem Schloss-Symbol in Ihrer Browserzeile. Wenn die SSL- bzw. TLS-Verschl\u00fcsselung aktiviert ist, k\u00f6nnen die Daten, die Sie an uns \u00fcbermitteln, nicht von Dritten mitgelesen werden.<\/p>\n<p>&nbsp;<\/p>\n<p>Anfrage per E-Mail, Telefon oder Telefax<\/p>\n<p>&nbsp;<\/p>\n<p>Wenn Sie uns per E-Mail, Telefon oder Fax kontaktieren, wird Ihre Anfrage inklusive aller daraus hervorgehenden personenbezogenen Daten (Name, Anfrage) zum Zwecke der Bearbeitung Ihres Anliegens bei uns gespeichert und verarbeitet. Diese Daten geben wir nicht ohne Ihre Einwilligung weiter. Die Verarbeitung dieser Daten erfolgt auf Grundlage von Art. 6 Abs. 1 lit. b DSGVO, sofern Ihre Anfrage mit der Erf\u00fcllung eines Vertrags zusammenh\u00e4ngt oder zur Durchf\u00fchrung vorvertraglicher Ma\u00dfnahmen erforderlich ist. In allen \u00fcbrigen F\u00e4llen beruht die Verarbeitung auf Ihrer Einwilligung (Art. 6 Abs. 1 lit. aDSGVO) und \/ oder auf unseren berechtigten Interessen (Art. 6 Abs. 1 lit. f DSGVO), da wir ein berechtigtes Interesse an der effektiven Bearbeitung der an uns gerichteten Anfragen haben. Die von Ihnen an uns per Kontaktanfragen \u00fcbersandten Daten verbleiben bei uns, bis Sie uns zur L\u00f6schung auffordern, Ihre Einwilligung zur Speicherung widerrufen oder der Zweck f\u00fcr die Datenspeicherung entf\u00e4llt (z. B. nach abgeschlossener Bearbeitung Ihres Anliegens). Zwingende gesetzliche Bestimmungen \u2013 insbesondere gesetzliche Aufbewahrungsfristen \u2013 bleiben unber\u00fchrt.<\/p>\n<p>&nbsp;<\/p>\n<\/div>\n<\/div>\n<\/div>\n<\/div><\/div><\/div><\/div><\/div><\/div><\/div><\/div><\/div>","protected":false},"excerpt":{"rendered":"<p>Datenschutzerkl\u00e4rung &nbsp; Allgemeine Hinweise &nbsp; Die folgenden Hinweise geben einen einfachen \u00dcberblick dar\u00fcber, was mit Ihren personenbezogenen Datenpassiert, wenn Sie unsere Website besuchen. Personenbezogene Daten sind alle Daten, mit denen Sie pers\u00f6nlich identifiziert werden k\u00f6nnen. &nbsp; Datenerfassung auf unserer Website &nbsp; Unsere Website dient lediglich dazu, die Besucher \u00fcber unsere Aktivit\u00e4ten zu informieren. Es werden &hellip; <\/p>\n<p class=\"link-more\"><a href=\"https:\/\/www.ftkt.de\/?page_id=394\" class=\"more-link\"><span class=\"screen-reader-text\">\u201eDatenschutz\u201c <\/span>weiterlesen<\/a><\/p>\n","protected":false},"author":2,"featured_media":0,"parent":0,"menu_order":0,"comment_status":"closed","ping_status":"closed","template":"","meta":{"footnotes":""},"class_list":["post-394","page","type-page","status-publish","hentry"],"jetpack_sharing_enabled":true,"_links":{"self":[{"href":"https:\/\/www.ftkt.de\/index.php?rest_route=\/wp\/v2\/pages\/394","targetHints":{"allow":["GET"]}}],"collection":[{"href":"https:\/\/www.ftkt.de\/index.php?rest_route=\/wp\/v2\/pages"}],"about":[{"href":"https:\/\/www.ftkt.de\/index.php?rest_route=\/wp\/v2\/types\/page"}],"author":[{"embeddable":true,"href":"https:\/\/www.ftkt.de\/index.php?rest_route=\/wp\/v2\/users\/2"}],"replies":[{"embeddable":true,"href":"https:\/\/www.ftkt.de\/index.php?rest_route=%2Fwp%2Fv2%2Fcomments&post=394"}],"version-history":[{"count":20,"href":"https:\/\/www.ftkt.de\/index.php?rest_route=\/wp\/v2\/pages\/394\/revisions"}],"predecessor-version":[{"id":701,"href":"https:\/\/www.ftkt.de\/index.php?rest_route=\/wp\/v2\/pages\/394\/revisions\/701"}],"wp:attachment":[{"href":"https:\/\/www.ftkt.de\/index.php?rest_route=%2Fwp%2Fv2%2Fmedia&parent=394"}],"curies":[{"name":"wp","href":"https:\/\/api.w.org\/{rel}","templated":true}]}}