{"id":69,"date":"2019-02-09T09:35:23","date_gmt":"2019-02-09T09:35:23","guid":{"rendered":"https:\/\/ftkt.de\/?page_id=69"},"modified":"2019-02-19T13:23:46","modified_gmt":"2019-02-19T13:23:46","slug":"home","status":"publish","type":"page","link":"https:\/\/www.ftkt.de\/","title":{"rendered":"Willkommen"},"content":{"rendered":"<div id=\"pl-69\"  class=\"panel-layout\" ><div id=\"pg-69-0\"  class=\"panel-grid panel-no-style\" ><div id=\"pgc-69-0-0\"  class=\"panel-grid-cell\" ><div id=\"panel-69-0-0-0\" class=\"so-panel widget widget_siteorigin-panels-builder panel-first-child panel-last-child\" data-index=\"0\" ><div id=\"pl-w5c6bf36795ea5\"  class=\"panel-layout\" ><div id=\"pg-w5c6bf36795ea5-0\"  class=\"panel-grid panel-no-style\" ><div id=\"pgc-w5c6bf36795ea5-0-0\"  class=\"panel-grid-cell\" ><div id=\"panel-w5c6bf36795ea5-0-0-0\" class=\"so-panel widget widget_sow-slider panel-first-child panel-last-child\" data-index=\"0\" ><div\n\t\t\t\n\t\t\tclass=\"so-widget-sow-slider so-widget-sow-slider-default-6d39609536fd\"\n\t\t\t\n\t\t>\t\t\t\t<div class=\"sow-slider-base\" style=\"display: none\" tabindex=\"0\">\n\t\t\t\t\t<ul\n\t\t\t\t\tclass=\"sow-slider-images\"\n\t\t\t\t\tdata-settings=\"{&quot;pagination&quot;:true,&quot;speed&quot;:800,&quot;timeout&quot;:8000,&quot;paused&quot;:false,&quot;pause_on_hover&quot;:false,&quot;swipe&quot;:true,&quot;nav_always_show_desktop&quot;:&quot;&quot;,&quot;nav_always_show_mobile&quot;:&quot;&quot;,&quot;breakpoint&quot;:&quot;780px&quot;,&quot;unmute&quot;:false,&quot;anchor&quot;:null}\"\n\t\t\t\t\t\t\t\t\t\tdata-anchor-id=\"\"\n\t\t\t\t>\t\t<li class=\"sow-slider-image\" style=\"visibility: visible;\" >\n\t\t\t\t\t\t<img loading=\"lazy\" decoding=\"async\" width=\"1800\" height=\"1200\" src=\"https:\/\/www.ftkt.de\/wp-content\/uploads\/2019\/02\/K1600_ftkt-homepage-2019-12.jpg\" class=\"sow-slider-background-image\" alt=\"\" style=\"\" srcset=\"https:\/\/www.ftkt.de\/wp-content\/uploads\/2019\/02\/K1600_ftkt-homepage-2019-12.jpg 1800w, https:\/\/www.ftkt.de\/wp-content\/uploads\/2019\/02\/K1600_ftkt-homepage-2019-12-300x200.jpg 300w, https:\/\/www.ftkt.de\/wp-content\/uploads\/2019\/02\/K1600_ftkt-homepage-2019-12-768x512.jpg 768w, https:\/\/www.ftkt.de\/wp-content\/uploads\/2019\/02\/K1600_ftkt-homepage-2019-12-1024x683.jpg 1024w, https:\/\/www.ftkt.de\/wp-content\/uploads\/2019\/02\/K1600_ftkt-homepage-2019-12-272x182.jpg 272w\" sizes=\"auto, 100vw\" \/>\t\t<\/li>\n\t\t\t\t<li class=\"sow-slider-image\" style=\"visibility: hidden;\" >\n\t\t\t\t\t\t<img loading=\"lazy\" decoding=\"async\" width=\"1200\" height=\"1805\" src=\"https:\/\/www.ftkt.de\/wp-content\/uploads\/2019\/02\/K1600_ftkt-homepage-2019-8.jpg\" class=\"sow-slider-background-image\" alt=\"\" style=\"\" srcset=\"https:\/\/www.ftkt.de\/wp-content\/uploads\/2019\/02\/K1600_ftkt-homepage-2019-8.jpg 1200w, https:\/\/www.ftkt.de\/wp-content\/uploads\/2019\/02\/K1600_ftkt-homepage-2019-8-199x300.jpg 199w, https:\/\/www.ftkt.de\/wp-content\/uploads\/2019\/02\/K1600_ftkt-homepage-2019-8-768x1155.jpg 768w, https:\/\/www.ftkt.de\/wp-content\/uploads\/2019\/02\/K1600_ftkt-homepage-2019-8-681x1024.jpg 681w\" sizes=\"auto, 100vw\" \/>\t\t<\/li>\n\t\t\t\t<li class=\"sow-slider-image\" style=\"visibility: hidden;\" >\n\t\t\t\t\t\t<img loading=\"lazy\" decoding=\"async\" width=\"1807\" height=\"1200\" src=\"https:\/\/www.ftkt.de\/wp-content\/uploads\/2019\/02\/K1600_ftkt-homepage-2019-4.jpg\" class=\"sow-slider-background-image\" alt=\"\" style=\"\" srcset=\"https:\/\/www.ftkt.de\/wp-content\/uploads\/2019\/02\/K1600_ftkt-homepage-2019-4.jpg 1807w, https:\/\/www.ftkt.de\/wp-content\/uploads\/2019\/02\/K1600_ftkt-homepage-2019-4-300x199.jpg 300w, https:\/\/www.ftkt.de\/wp-content\/uploads\/2019\/02\/K1600_ftkt-homepage-2019-4-768x510.jpg 768w, https:\/\/www.ftkt.de\/wp-content\/uploads\/2019\/02\/K1600_ftkt-homepage-2019-4-1024x680.jpg 1024w, https:\/\/www.ftkt.de\/wp-content\/uploads\/2019\/02\/K1600_ftkt-homepage-2019-4-272x182.jpg 272w\" sizes=\"auto, 100vw\" \/>\t\t<\/li>\n\t\t\t\t<li class=\"sow-slider-image\" style=\"visibility: hidden;\" >\n\t\t\t\t\t\t<img loading=\"lazy\" decoding=\"async\" width=\"1200\" height=\"1805\" src=\"https:\/\/www.ftkt.de\/wp-content\/uploads\/2019\/02\/K1600_ftkt-homepage-2019-3-e1550577996611.jpg\" class=\"sow-slider-background-image\" alt=\"\" style=\"\" srcset=\"https:\/\/www.ftkt.de\/wp-content\/uploads\/2019\/02\/K1600_ftkt-homepage-2019-3-e1550577996611.jpg 1200w, https:\/\/www.ftkt.de\/wp-content\/uploads\/2019\/02\/K1600_ftkt-homepage-2019-3-e1550577996611-199x300.jpg 199w, https:\/\/www.ftkt.de\/wp-content\/uploads\/2019\/02\/K1600_ftkt-homepage-2019-3-e1550577996611-768x1155.jpg 768w, https:\/\/www.ftkt.de\/wp-content\/uploads\/2019\/02\/K1600_ftkt-homepage-2019-3-e1550577996611-681x1024.jpg 681w\" sizes=\"auto, 100vw\" \/>\t\t<\/li>\n\t\t\t\t<li class=\"sow-slider-image\" style=\"visibility: hidden;\" >\n\t\t\t\t\t\t<img loading=\"lazy\" decoding=\"async\" width=\"1200\" height=\"1800\" src=\"https:\/\/www.ftkt.de\/wp-content\/uploads\/2019\/02\/K1600_ftkt-homepage-2019-1-e1550578243737.jpg\" class=\"sow-slider-background-image\" alt=\"\" style=\"\" srcset=\"https:\/\/www.ftkt.de\/wp-content\/uploads\/2019\/02\/K1600_ftkt-homepage-2019-1-e1550578243737.jpg 1200w, https:\/\/www.ftkt.de\/wp-content\/uploads\/2019\/02\/K1600_ftkt-homepage-2019-1-e1550578243737-200x300.jpg 200w, https:\/\/www.ftkt.de\/wp-content\/uploads\/2019\/02\/K1600_ftkt-homepage-2019-1-e1550578243737-768x1152.jpg 768w, https:\/\/www.ftkt.de\/wp-content\/uploads\/2019\/02\/K1600_ftkt-homepage-2019-1-e1550578243737-683x1024.jpg 683w\" sizes=\"auto, 100vw\" \/>\t\t<\/li>\n\t\t<\/ul>\t\t\t\t<ol class=\"sow-slider-pagination\">\n\t\t\t\t\t\t\t\t\t\t\t<li><a href=\"#\" data-goto=\"0\" aria-label=\"Display slide 1\"><\/a><\/li>\n\t\t\t\t\t\t\t\t\t\t\t<li><a href=\"#\" data-goto=\"1\" aria-label=\"Display slide 2\"><\/a><\/li>\n\t\t\t\t\t\t\t\t\t\t\t<li><a href=\"#\" data-goto=\"2\" aria-label=\"Display slide 3\"><\/a><\/li>\n\t\t\t\t\t\t\t\t\t\t\t<li><a href=\"#\" data-goto=\"3\" aria-label=\"Display slide 4\"><\/a><\/li>\n\t\t\t\t\t\t\t\t\t\t\t<li><a href=\"#\" data-goto=\"4\" aria-label=\"Display slide 5\"><\/a><\/li>\n\t\t\t\t\t\t\t\t\t<\/ol>\n\n\t\t\t\t<div class=\"sow-slide-nav sow-slide-nav-next\">\n\t\t\t\t\t<a href=\"#\" data-goto=\"next\" aria-label=\"Next slide\" data-action=\"next\">\n\t\t\t\t\t\t<em class=\"sow-sld-icon-thin-right\"><\/em>\n\t\t\t\t\t<\/a>\n\t\t\t\t<\/div>\n\n\t\t\t\t<div class=\"sow-slide-nav sow-slide-nav-prev\">\n\t\t\t\t\t<a href=\"#\" data-goto=\"previous\" aria-label=\"Previous slide\" data-action=\"prev\">\n\t\t\t\t\t\t<em class=\"sow-sld-icon-thin-left\"><\/em>\n\t\t\t\t\t<\/a>\n\t\t\t\t<\/div>\n\t\t\t\t<\/div><\/div><\/div><\/div><div id=\"pgc-w5c6bf36795ea5-0-1\"  class=\"panel-grid-cell\" ><div id=\"panel-w5c6bf36795ea5-0-1-0\" class=\"so-panel widget widget_sow-editor panel-first-child panel-last-child\" data-index=\"1\" ><div\n\t\t\t\n\t\t\tclass=\"so-widget-sow-editor so-widget-sow-editor-base\"\n\t\t\t\n\t\t>\n<div class=\"siteorigin-widget-tinymce textwidget\">\n\t<p>Herzlich Willkommen<\/p>\n<p>beim <strong>F\u00f6rderverein tiergest\u00fctzter Kindertherapie e.V.<\/strong><\/p>\n<p>Der Verein hat sich zur Aufgabe gemacht, das Gesundheitswesen, besonders im Bereich der tiergest\u00fctzten Kindertherapie, hilfsbed\u00fcrftige Kinder und deren Familien zu unterst\u00fctzen und zu f\u00f6rdern.<\/p>\n<p>Wir sind ein gemeinn\u00fctziger, ausschlie\u00dflich aus Spenden finanzierter Verein, deshalb sind wir auf <strong>IHRE HILFE<\/strong> angewiesen.<\/p>\n<p><a href=\"https:\/\/www.ftkt.de\/?page_id=365#Spenden\"><strong>Spenden Sie direkt<\/strong><\/a> f\u00fcr bed\u00fcrftige und benachteiligte Kinder und deren Familien.<\/p>\n<\/div>\n<\/div><\/div><\/div><\/div><\/div><\/div><\/div><\/div><\/div>","protected":false},"excerpt":{"rendered":"<p>Herzlich Willkommen beim F\u00f6rderverein tiergest\u00fctzter Kindertherapie e.V. Der Verein hat sich zur Aufgabe gemacht, das Gesundheitswesen, besonders im Bereich der tiergest\u00fctzten Kindertherapie, hilfsbed\u00fcrftige Kinder und deren Familien zu unterst\u00fctzen und zu f\u00f6rdern. Wir sind ein gemeinn\u00fctziger, ausschlie\u00dflich aus Spenden finanzierter Verein, deshalb sind wir auf IHRE HILFE angewiesen. Spenden Sie direkt f\u00fcr bed\u00fcrftige und benachteiligte &hellip; <\/p>\n<p class=\"link-more\"><a href=\"https:\/\/www.ftkt.de\/\" class=\"more-link\"><span class=\"screen-reader-text\">\u201eWillkommen\u201c <\/span>weiterlesen<\/a><\/p>\n","protected":false},"author":1,"featured_media":0,"parent":0,"menu_order":0,"comment_status":"closed","ping_status":"closed","template":"","meta":{"footnotes":""},"class_list":["post-69","page","type-page","status-publish","hentry"],"jetpack_sharing_enabled":true,"_links":{"self":[{"href":"https:\/\/www.ftkt.de\/index.php?rest_route=\/wp\/v2\/pages\/69","targetHints":{"allow":["GET"]}}],"collection":[{"href":"https:\/\/www.ftkt.de\/index.php?rest_route=\/wp\/v2\/pages"}],"about":[{"href":"https:\/\/www.ftkt.de\/index.php?rest_route=\/wp\/v2\/types\/page"}],"author":[{"embeddable":true,"href":"https:\/\/www.ftkt.de\/index.php?rest_route=\/wp\/v2\/users\/1"}],"replies":[{"embeddable":true,"href":"https:\/\/www.ftkt.de\/index.php?rest_route=%2Fwp%2Fv2%2Fcomments&post=69"}],"version-history":[{"count":72,"href":"https:\/\/www.ftkt.de\/index.php?rest_route=\/wp\/v2\/pages\/69\/revisions"}],"predecessor-version":[{"id":667,"href":"https:\/\/www.ftkt.de\/index.php?rest_route=\/wp\/v2\/pages\/69\/revisions\/667"}],"wp:attachment":[{"href":"https:\/\/www.ftkt.de\/index.php?rest_route=%2Fwp%2Fv2%2Fmedia&parent=69"}],"curies":[{"name":"wp","href":"https:\/\/api.w.org\/{rel}","templated":true}]}}